{"id":394,"date":"2018-09-03T14:35:17","date_gmt":"2018-09-03T14:35:17","guid":{"rendered":"https:\/\/www.bennycasino.com\/?page_id=394"},"modified":"2018-11-22T00:24:49","modified_gmt":"2018-11-22T00:24:49","slug":"intro","status":"publish","type":"page","link":"https:\/\/www.bennycasino.com\/","title":{"rendered":"Benny Casino"},"content":{"rendered":"<p>L\u00e5t Benny hj\u00e4lpa dig hitta nya casinon och de senaste kampanjerna inom online spel<br \/>\n&#8211; enkelt, smidigt alla dagar i veckan. Recensioner och kampanjkoder publiceras dagligen<br \/>\nf\u00f6r att h\u00e5lla dig uppdaterad om det senaste inom spelbranschen. J\u00e4mf\u00f6r kampanjer,<br \/>\nv\u00e4lj spelbolag och b\u00f6rja lira inom ett par minuter med Bennycasino.com!<\/p>\n","protected":false},"excerpt":{"rendered":"L\u00e5t Benny hj\u00e4lpa dig hitta nya casinon och de senaste kampanjerna inom online spel &#8211; enkelt, smidigt alla dagar i veckan. Recensioner och kampanjkoder publiceras dagligen f\u00f6r att h\u00e5lla dig uppdaterad om det senaste inom spelbranschen. J\u00e4mf\u00f6r kampanjer, v\u00e4lj spelbolag och b\u00f6rja lira inom ett par minuter med Bennycasino.com!","protected":false},"author":1,"featured_media":0,"parent":0,"menu_order":0,"comment_status":"closed","ping_status":"closed","template":"intro.php","meta":{"_acf_changed":false,"footnotes":""},"class_list":["post-394","page","type-page","status-publish","hentry"],"acf":[],"_links":{"self":[{"href":"https:\/\/www.bennycasino.com\/sv\/wp-json\/wp\/v2\/pages\/394","targetHints":{"allow":["GET"]}}],"collection":[{"href":"https:\/\/www.bennycasino.com\/sv\/wp-json\/wp\/v2\/pages"}],"about":[{"href":"https:\/\/www.bennycasino.com\/sv\/wp-json\/wp\/v2\/types\/page"}],"author":[{"embeddable":true,"href":"https:\/\/www.bennycasino.com\/sv\/wp-json\/wp\/v2\/users\/1"}],"replies":[{"embeddable":true,"href":"https:\/\/www.bennycasino.com\/sv\/wp-json\/wp\/v2\/comments?post=394"}],"version-history":[{"count":5,"href":"https:\/\/www.bennycasino.com\/sv\/wp-json\/wp\/v2\/pages\/394\/revisions"}],"predecessor-version":[{"id":2175,"href":"https:\/\/www.bennycasino.com\/sv\/wp-json\/wp\/v2\/pages\/394\/revisions\/2175"}],"wp:attachment":[{"href":"https:\/\/www.bennycasino.com\/sv\/wp-json\/wp\/v2\/media?parent=394"}],"curies":[{"name":"wp","href":"https:\/\/api.w.org\/{rel}","templated":true}]}}